{"id":72,"date":"2024-05-29T18:25:08","date_gmt":"2024-05-29T18:25:08","guid":{"rendered":"https:\/\/makedonskopivo.mk\/index.php\/home\/"},"modified":"2025-09-08T00:27:49","modified_gmt":"2025-09-08T00:27:49","slug":"home","status":"publish","type":"page","link":"https:\/\/makedonskopivo.mk\/sq\/","title":{"rendered":"Home"},"content":{"rendered":"<div data-elementor-type=\"wp-page\" data-elementor-id=\"72\" class=\"elementor elementor-72\" data-elementor-post-type=\"page\">\n\t\t\t\t<div class=\"elementor-element elementor-element-4758223 e-con-full e-flex e-con e-parent\" data-id=\"4758223\" data-element_type=\"container\">\n\t\t\t\t<div class=\"elementor-element elementor-element-e847617 elementor-widget elementor-widget-image-carousel\" data-id=\"e847617\" data-element_type=\"widget\" data-settings=\"{&quot;slides_to_show&quot;:&quot;1&quot;,&quot;navigation&quot;:&quot;none&quot;,&quot;autoplay&quot;:&quot;yes&quot;,&quot;pause_on_hover&quot;:&quot;yes&quot;,&quot;pause_on_interaction&quot;:&quot;yes&quot;,&quot;autoplay_speed&quot;:5000,&quot;infinite&quot;:&quot;yes&quot;,&quot;effect&quot;:&quot;slide&quot;,&quot;speed&quot;:500}\" data-widget_type=\"image-carousel.default\">\n\t\t\t\t<div class=\"elementor-widget-container\">\n\t\t\t<style>\/*! elementor - v3.21.0 - 26-05-2024 *\/\n.elementor-widget-image-carousel .swiper,.elementor-widget-image-carousel .swiper-container{position:static}.elementor-widget-image-carousel .swiper-container .swiper-slide figure,.elementor-widget-image-carousel .swiper .swiper-slide figure{line-height:inherit}.elementor-widget-image-carousel .swiper-slide{text-align:center}.elementor-image-carousel-wrapper:not(.swiper-container-initialized):not(.swiper-initialized) .swiper-slide{max-width:calc(100% \/ var(--e-image-carousel-slides-to-show, 3))}<\/style>\t\t<div class=\"elementor-image-carousel-wrapper swiper\" dir=\"ltr\">\n\t\t\t<div class=\"elementor-image-carousel swiper-wrapper\" aria-live=\"off\">\n\t\t\t\t\t\t\t\t<div class=\"swiper-slide\" role=\"group\" aria-roledescription=\"slide\" aria-label=\"1 of 2\"><figure class=\"swiper-slide-inner\"><img decoding=\"async\" class=\"swiper-slide-image\" src=\"https:\/\/makedonskopivo.mk\/wp-content\/uploads\/2024\/12\/Makedonsko-Pivo-elements_slider2.png\" alt=\"Makedonsko Pivo - elements_slider2\" \/><\/figure><\/div><div class=\"swiper-slide\" role=\"group\" aria-roledescription=\"slide\" aria-label=\"2 of 2\"><figure class=\"swiper-slide-inner\"><img decoding=\"async\" class=\"swiper-slide-image\" src=\"https:\/\/makedonskopivo.mk\/wp-content\/uploads\/2024\/05\/Makedonsko-Pivo-elements_slider1.png\" alt=\"Makedonsko Pivo - elements_slider1\" \/><\/figure><\/div>\t\t\t<\/div>\n\t\t\t\t\t\t\t\n\t\t\t\t\t\t\t\t\t<\/div>\n\t\t\t\t<\/div>\n\t\t\t\t<\/div>\n\t\t\t\t<\/div>\n\t\t<div class=\"elementor-element elementor-element-f420377 e-con-full e-flex e-con e-parent\" data-id=\"f420377\" data-element_type=\"container\" data-settings=\"{&quot;background_background&quot;:&quot;classic&quot;}\">\n\t\t\t\t<div class=\"elementor-element elementor-element-2a59965 elementor-widget__width-inherit elementor-widget elementor-widget-n-carousel\" data-id=\"2a59965\" data-element_type=\"widget\" data-settings=\"{&quot;carousel_items&quot;:[{&quot;slide_title&quot;:&quot;Slide #1&quot;,&quot;_id&quot;:&quot;bd2abe0&quot;}],&quot;slides_to_show&quot;:&quot;1&quot;,&quot;slides_to_scroll&quot;:&quot;1&quot;,&quot;slides_to_show_tablet&quot;:&quot;2&quot;,&quot;slides_to_show_mobile&quot;:&quot;1&quot;,&quot;autoplay&quot;:&quot;yes&quot;,&quot;autoplay_speed&quot;:5000,&quot;pause_on_hover&quot;:&quot;yes&quot;,&quot;pause_on_interaction&quot;:&quot;yes&quot;,&quot;infinite&quot;:&quot;yes&quot;,&quot;speed&quot;:500,&quot;offset_sides&quot;:&quot;none&quot;,&quot;image_spacing_custom&quot;:{&quot;unit&quot;:&quot;px&quot;,&quot;size&quot;:10,&quot;sizes&quot;:[]},&quot;image_spacing_custom_tablet&quot;:{&quot;unit&quot;:&quot;px&quot;,&quot;size&quot;:&quot;&quot;,&quot;sizes&quot;:[]},&quot;image_spacing_custom_mobile&quot;:{&quot;unit&quot;:&quot;px&quot;,&quot;size&quot;:&quot;&quot;,&quot;sizes&quot;:[]}}\" data-widget_type=\"nested-carousel.default\">\n\t\t\t\t<div class=\"elementor-widget-container\">\n\t\t\t<link rel=\"stylesheet\" href=\"https:\/\/makedonskopivo.mk\/wp-content\/plugins\/elementor-pro\/assets\/css\/widget-nested-carousel.min.css\">\t\t<div class=\"e-n-carousel swiper\" dir=\"ltr\">\n\t\t\t<div class=\"swiper-wrapper\" aria-live=\"off\">\n\t\t\t\t\t\t\t\t\t\t<div class=\"swiper-slide\" data-slide=\"1\" role=\"group\" aria-roledescription=\"slide\" aria-label=\"1 of 1\">\n\t\t\t\t\t\t\t<div class=\"elementor-element elementor-element-2d88bde e-flex e-con-boxed e-con e-child\" data-id=\"2d88bde\" data-element_type=\"container\">\n\t\t\t\t\t<div class=\"e-con-inner\">\n\t\t\t\t<div class=\"elementor-element elementor-element-3ade307 elementor-widget__width-inherit elementor-widget elementor-widget-image\" data-id=\"3ade307\" data-element_type=\"widget\" data-widget_type=\"image.default\">\n\t\t\t\t<div class=\"elementor-widget-container\">\n\t\t\t<style>\/*! elementor - v3.21.0 - 26-05-2024 *\/\n.elementor-widget-image{text-align:center}.elementor-widget-image a{display:inline-block}.elementor-widget-image a img[src$=\".svg\"]{width:48px}.elementor-widget-image img{vertical-align:middle;display:inline-block}<\/style>\t\t\t\t\t\t\t\t\t\t<img fetchpriority=\"high\" decoding=\"async\" width=\"4924\" height=\"2004\" src=\"https:\/\/makedonskopivo.mk\/wp-content\/uploads\/2024\/05\/Makedonsko-Pivo-elements_za-nas-naslovna.png\" class=\"attachment-full size-full wp-image-2127\" alt=\"\" srcset=\"https:\/\/makedonskopivo.mk\/wp-content\/uploads\/2024\/05\/Makedonsko-Pivo-elements_za-nas-naslovna.png 4924w, https:\/\/makedonskopivo.mk\/wp-content\/uploads\/2024\/05\/Makedonsko-Pivo-elements_za-nas-naslovna-300x122.png 300w, https:\/\/makedonskopivo.mk\/wp-content\/uploads\/2024\/05\/Makedonsko-Pivo-elements_za-nas-naslovna-1024x417.png 1024w, https:\/\/makedonskopivo.mk\/wp-content\/uploads\/2024\/05\/Makedonsko-Pivo-elements_za-nas-naslovna-768x313.png 768w, https:\/\/makedonskopivo.mk\/wp-content\/uploads\/2024\/05\/Makedonsko-Pivo-elements_za-nas-naslovna-1536x625.png 1536w, https:\/\/makedonskopivo.mk\/wp-content\/uploads\/2024\/05\/Makedonsko-Pivo-elements_za-nas-naslovna-2048x834.png 2048w\" sizes=\"(max-width: 4924px) 100vw, 4924px\" \/>\t\t\t\t\t\t\t\t\t\t\t\t\t<\/div>\n\t\t\t\t<\/div>\n\t\t<div class=\"elementor-element elementor-element-e002e5e e-con-full e-flex e-con e-child\" data-id=\"e002e5e\" data-element_type=\"container\" data-settings=\"{&quot;background_background&quot;:&quot;classic&quot;}\">\n\t\t\t\t<div class=\"elementor-element elementor-element-45e22f3 elementor-widget elementor-widget-heading\" data-id=\"45e22f3\" data-element_type=\"widget\" data-widget_type=\"heading.default\">\n\t\t\t\t<div class=\"elementor-widget-container\">\n\t\t\t<style>\/*! elementor - v3.21.0 - 26-05-2024 *\/\n.elementor-heading-title{padding:0;margin:0;line-height:1}.elementor-widget-heading .elementor-heading-title[class*=elementor-size-]>a{color:inherit;font-size:inherit;line-height:inherit}.elementor-widget-heading .elementor-heading-title.elementor-size-small{font-size:15px}.elementor-widget-heading .elementor-heading-title.elementor-size-medium{font-size:19px}.elementor-widget-heading .elementor-heading-title.elementor-size-large{font-size:29px}.elementor-widget-heading .elementor-heading-title.elementor-size-xl{font-size:39px}.elementor-widget-heading .elementor-heading-title.elementor-size-xxl{font-size:59px}<\/style><h3 class=\"elementor-heading-title elementor-size-default\">Kompania Jon\u00eb<\/h3>\t\t<\/div>\n\t\t\t\t<\/div>\n\t\t\t\t<div class=\"elementor-element elementor-element-67c3658 elementor-widget elementor-widget-text-editor\" data-id=\"67c3658\" data-element_type=\"widget\" data-widget_type=\"text-editor.default\">\n\t\t\t\t<div class=\"elementor-widget-container\">\n\t\t\t<style>\/*! elementor - v3.21.0 - 26-05-2024 *\/\n.elementor-widget-text-editor.elementor-drop-cap-view-stacked .elementor-drop-cap{background-color:#69727d;color:#fff}.elementor-widget-text-editor.elementor-drop-cap-view-framed .elementor-drop-cap{color:#69727d;border:3px solid;background-color:transparent}.elementor-widget-text-editor:not(.elementor-drop-cap-view-default) .elementor-drop-cap{margin-top:8px}.elementor-widget-text-editor:not(.elementor-drop-cap-view-default) .elementor-drop-cap-letter{width:1em;height:1em}.elementor-widget-text-editor .elementor-drop-cap{float:left;text-align:center;line-height:1;font-size:50px}.elementor-widget-text-editor .elementor-drop-cap-letter{display:inline-block}<\/style>\t\t\t\t<p>Kozhuf\u00e7anka SHPK u themelua n\u00eb vitin 1993 n\u00eb Kavadarci, Maqedoni. U krijua nga v\u00ebllez\u00ebrit Nikola dhe Stojan Jan\u00e7evi, me q\u00ebllimin fillestar t\u00eb k\u00ebrkimit dhe shfryt\u00ebzimit t\u00eb burimeve minerale dhe ujit n\u00eb malin Kozhuf. Pas hulumtimeve t\u00eb burimit, kompania mori leje dhe koncesion p\u00ebr shfryt\u00ebzim dhe filloi zyrtarisht n\u00eb vitin 1995, duke nisur zhvillimin e Kozhuf\u00e7anka si uji i par\u00eb mineral privat.<\/p>\t\t\t\t\t\t<\/div>\n\t\t\t\t<\/div>\n\t\t\t\t<\/div>\n\t\t\t\t<div class=\"elementor-element elementor-element-2356bee elementor-align-center elementor-mobile-align-center elementor-widget elementor-widget-button\" data-id=\"2356bee\" data-element_type=\"widget\" data-widget_type=\"button.default\">\n\t\t\t\t<div class=\"elementor-widget-container\">\n\t\t\t\t\t<div class=\"elementor-button-wrapper\">\n\t\t\t<a class=\"elementor-button elementor-button-link elementor-size-sm\" href=\"https:\/\/makedonskopivo.mk\/sq\/nashata-kompanija\/\">\n\t\t\t\t\t\t<span class=\"elementor-button-content-wrapper\">\n\t\t\t\t\t\t\t\t\t<span class=\"elementor-button-text\">LEXO M\u00cb SHUM\u00cb<\/span>\n\t\t\t\t\t<\/span>\n\t\t\t\t\t<\/a>\n\t\t<\/div>\n\t\t\t\t<\/div>\n\t\t\t\t<\/div>\n\t\t\t\t\t<\/div>\n\t\t\t\t<\/div>\n\t\t\t\t\t\t\t\t<\/div>\n\t\t\t\t\t\t\t\t<\/div>\n\t\t<\/div>\n\t\t\t\t<\/div>\n\t\t\t\t<\/div>\n\t\t\t\t<\/div>\n\t\t<div class=\"elementor-element elementor-element-e49ff32 e-flex e-con-boxed e-con e-parent\" data-id=\"e49ff32\" data-element_type=\"container\" data-settings=\"{&quot;background_background&quot;:&quot;classic&quot;}\">\n\t\t\t\t\t<div class=\"e-con-inner\">\n\t\t\t\t<div class=\"elementor-element elementor-element-a8f9f8b elementor-widget elementor-widget-slider_revolution\" data-id=\"a8f9f8b\" data-element_type=\"widget\" data-widget_type=\"slider_revolution.default\">\n\t\t\t\t<div class=\"elementor-widget-container\">\n\t\t\t\n\t\t<div class=\"wp-block-themepunch-revslider\">\n\t\t\t\t<p class=\"rs-p-wp-fix\"><\/p>\n\t\t\t\t<sr7-module data-alias=\"slider-2-1-napred-dole-1\" data-id=\"7\" id=\"SR7_7_1\" class=\"rs-ov-hidden\" data-version=\"6.7.20\">\n\t\t\t\t\t<sr7-adjuster><\/sr7-adjuster>\n\t\t\t\t\t<sr7-content>\n\t\t\t\t\t\t<sr7-slide id=\"SR7_7_1-30\" data-key=\"30\">\n\t\t\t\t\t\t\t<h2 id=\"SR7_7_1-30-4\" class=\"sr7-layer\">N\u00cb AMBALAZH PET<\/h2>\n\t\t\t\t\t\t\t<h2 id=\"SR7_7_1-30-5\" class=\"sr7-layer\">SHIKO T\u00cb GJITHA<br \/>\nPRODUKTET<\/h2>\n\t\t\t\t\t\t\t<h4 id=\"SR7_7_1-30-7\" class=\"sr7-layer\">Nj\u00eb birr\u00eb premium e prodhuar n\u00eb kushte moderne q\u00eb nga viti 2016, nj\u00eb produkt i kompanis\u00eb prestigjioze Kozhuv\u00e7anka. <br \/>\n<br \/>\n  \u0412\u043e \u0430\u043c\u0431\u0430\u043b\u0430\u0436\u0430 \u043e\u0434 1,5L \u041d\u0430\u0448\u0435 \u041c\u0430\u043a\u0435\u0434\u043e\u043d\u0441\u043a\u043e \u0441\u0432\u0435\u0442\u043b\u043e \u043f\u0438\u0432\u043e \u0435 \u0441\u043e\u0437\u0434\u0430\u0434\u0435\u043d\u043e \u0437\u0430 \u0443\u0436\u0438\u0432\u0430\u045a\u0435 \u0432\u043e \u0434\u0440\u0443\u0448\u0442\u0432\u043e! <br \/>\n<br \/>\n<\/h4>\n\t\t\t\t\t\t\t<a id=\"SR7_7_1-30-8\" class=\"sr7-layer\" href=\"https:\/\/makedonskopivo.mk\/sq\/proizvodi\/\" target=\"_self\">K\u00cbTU<\/a>\n\t\t\t\t\t\t<\/sr7-slide>\n\t\t\t\t\t\t<sr7-slide id=\"SR7_7_1-35\" data-key=\"35\">\n\t\t\t\t\t\t\t<h2 id=\"SR7_7_1-35-4\" class=\"sr7-layer\">N\u00cb AMBALAZH QELQI<\/h2>\n\t\t\t\t\t\t\t<h4 id=\"SR7_7_1-35-7\" class=\"sr7-layer\">Birra Nashe Makedonsko ka nj\u00eb ekuilib\u00ebr t\u00eb ve\u00e7ant\u00eb me nj\u00eb hidh\u00ebsi t\u00eb k\u00ebndshme dhe nj\u00eb shije t\u00eb pasur q\u00eb rrit k\u00ebnaq\u00ebsin\u00eb e konsumimit.<br \/>\n<br \/>\n \u0421\u0435\u0433\u0430, \u0432\u043e \u0441\u0442\u0430\u043a\u043b\u0435\u043d\u0430 \u0430\u043c\u0431\u0430\u043b\u0430\u0436\u0430 \u043e\u0434 0,5L \u0438 0,33L.<br \/>\n<br \/>\n<\/h4>\n\t\t\t\t\t\t\t<h2 id=\"SR7_7_1-35-10\" class=\"sr7-layer\">SHIKO T\u00cb GJITHA<br \/>\nPRODUKTET<\/h2>\n\t\t\t\t\t\t\t<a id=\"SR7_7_1-35-11\" class=\"sr7-layer\" href=\"https:\/\/makedonskopivo.mk\/sq\/proizvodi\/\" target=\"_self\">K\u00cbTU<\/a>\n\t\t\t\t\t\t<\/sr7-slide>\n\t\t\t\t\t\t<sr7-slide id=\"SR7_7_1-36\" data-key=\"36\">\n\t\t\t\t\t\t\t<h2 id=\"SR7_7_1-36-4\" class=\"sr7-layer\">N\u00cb KAN\u0410\u00c7E<\/h2>\n\t\t\t\t\t\t\t<h2 id=\"SR7_7_1-36-5\" class=\"sr7-layer\">SHIKO T\u00cb GJITHA<br \/>\nPRODUKTET<\/h2>\n\t\t\t\t\t\t\t<a id=\"SR7_7_1-36-6\" class=\"sr7-layer\" href=\"https:\/\/makedonskopivo.mk\/sq\/proizvodi\/\" target=\"_self\">K\u00cbTU<\/a>\n\t\t\t\t\t\t\t<h4 id=\"SR7_7_1-36-7\" class=\"sr7-layer\">\u041f\u043e\u0447\u0443\u0432\u0441\u0442\u0432\u0443\u0432\u0430\u0458\u0442\u0435 \u0458\u0430 \u0442\u0440\u0430\u0434\u0438\u0446\u0438\u0458\u0430\u0442\u0430 \u043d\u0430 \u043d\u0430\u0448\u0435\u0442\u043e \u043a\u0432\u0430\u043b\u0438\u0442\u0435\u0442\u043d\u043e \u043f\u0438\u0432\u043e, \u0441\u043e\u0437\u0434\u0430\u0434\u0435\u043d\u043e \u0432\u043e \u043d\u0430\u0458\u0441\u043e\u0432\u0440\u0435\u043c\u0435\u043d\u0438 \u0443\u0441\u043b\u043e\u0432\u0438.<br \/>\n<br \/>\n \u0412\u043e \u043d\u0430\u0458\u0440\u0435\u0446\u0438\u043a\u043b\u0438\u0440\u0430\u0447\u043a\u0430\u0442\u0430 \u0430\u043c\u0431\u0430\u043b\u0430\u0436\u0430, \u043f\u043e\u0433\u043e\u0434\u043d\u0430 \u0437\u0430 \u0441\u0435\u043a\u043e\u0458\u0430 \u043f\u0440\u0438\u043b\u0438\u043a\u0430, \u0432\u043e \u043b\u0438\u0442\u0440\u0430\u0436\u0430 \u043e\u0434 0,5L \u0438 0,33L.<br \/>\n<br \/>\n<\/h4>\n\t\t\t\t\t\t<\/sr7-slide>\n\t\t\t\t\t\t<sr7-slide id=\"SR7_7_1-37\" data-key=\"37\">\n\t\t\t\t\t\t\t<h2 id=\"SR7_7_1-37-4\" class=\"sr7-layer\">E FRESK\u00cbT \u0415 <br>\nSAPOMBUSHUR<\/h2>\n\t\t\t\t\t\t\t<h2 id=\"SR7_7_1-37-5\" class=\"sr7-layer\">SHIKO T\u00cb GJITHA<br \/>\nPRODUKTET<\/h2>\n\t\t\t\t\t\t\t<h4 id=\"SR7_7_1-37-7\" class=\"sr7-layer\">E vetmja n\u00eb treg q\u00eb shmang procesin e pasterizimit, sepse sh\u00ebrbehet si birr\u00eb e fresk\u00ebt e mbushur.<br \/>\n<br \/>\n  Birra Nashe Makedonsko transportohet me nj\u00eb cistern\u00eb t\u00eb specializuar direkt n\u00eb barin ku sh\u00ebrbehet, duke garantuar temperatur\u00ebn perfekte p\u00ebr konsumim.\nAjo ka nj\u00eb afat p\u00ebrdorimi 90 dit\u00eb, duke garantuar cil\u00ebsi t\u00eb q\u00ebndrueshme!<br \/>\n<br \/>\n<\/h4>\n\t\t\t\t\t\t\t<a id=\"SR7_7_1-37-9\" class=\"sr7-layer\" href=\"https:\/\/makedonskopivo.mk\/sq\/proizvodi\/\" target=\"_self\">K\u00cbTU<\/a>\n\t\t\t\t\t\t<\/sr7-slide>\n\t\t\t\t\t\t<sr7-slide id=\"SR7_7_1-29\" data-key=\"29\">\n\t\t\t\t\t\t<\/sr7-slide>\n\t\t\t\t\t<\/sr7-content>\n\t\t\t\t\t<image_lists style=\"display:none\">\n\t\t\t\t\t\t<img data-src=\"\/\/makedonskopivo.mk\/wp-content\/uploads\/2024\/05\/Makedonsko-Pivo-elements_pet.png\" data-libid=\"2120\" data-lib=\"medialibrary\" title=\"Makedonsko Pivo &#8211; elements_pet\" width=\"0\" height=\"0\" data-dbsrc=\"Ly9tYWtlZG9uc2tvcGl2by5tay93cC1jb250ZW50L3VwbG9hZHMvMjAyNC8wNS9NYWtlZG9uc2tvLVBpdm8tZWxlbWVudHNfcGV0LnBuZw==\"\/>\n\t\t\t\t\t\t<img data-src=\"\/\/makedonskopivo.mk\/wp-content\/uploads\/2024\/05\/Makedonsko-Pivo-elements_element.png\" data-libid=\"2117\" data-lib=\"medialibrary\" title=\"Makedonsko Pivo &#8211; elements_element\" width=\"0\" height=\"0\" data-dbsrc=\"Ly9tYWtlZG9uc2tvcGl2by5tay93cC1jb250ZW50L3VwbG9hZHMvMjAyNC8wNS9NYWtlZG9uc2tvLVBpdm8tZWxlbWVudHNfZWxlbWVudC5wbmc=\"\/>\n\t\t\t\t\t\t<img loading=\"lazy\" data-src=\"\/\/makedonskopivo.mk\/wp-content\/uploads\/2024\/05\/Makedonsko-Pivo-elements_logo.png\" data-libid=\"2119\" data-lib=\"medialibrary\" title=\"Makedonsko Pivo &#8211; elements_logo\" width=\"0\" height=\"0\" data-dbsrc=\"Ly9tYWtlZG9uc2tvcGl2by5tay93cC1jb250ZW50L3VwbG9hZHMvMjAyNC8wNS9NYWtlZG9uc2tvLVBpdm8tZWxlbWVudHNfbG9nby5wbmc=\"\/>\n\t\t\t\t\t\t<img loading=\"lazy\" data-src=\"\/\/makedonskopivo.mk\/wp-content\/uploads\/2024\/05\/Makedonsko-Pivo-elements_staklo.png\" data-libid=\"2124\" data-lib=\"medialibrary\" title=\"Makedonsko Pivo &#8211; elements_staklo\" width=\"0\" height=\"0\" data-dbsrc=\"Ly9tYWtlZG9uc2tvcGl2by5tay93cC1jb250ZW50L3VwbG9hZHMvMjAyNC8wNS9NYWtlZG9uc2tvLVBpdm8tZWxlbWVudHNfc3Rha2xvLnBuZw==\"\/>\n\t\t\t\t\t\t<img loading=\"lazy\" data-src=\"\/\/makedonskopivo.mk\/wp-content\/uploads\/2024\/05\/Makedonsko-Pivo-elements_can.png\" data-libid=\"2116\" data-lib=\"medialibrary\" title=\"Makedonsko Pivo &#8211; elements_can\" width=\"0\" height=\"0\" data-dbsrc=\"Ly9tYWtlZG9uc2tvcGl2by5tay93cC1jb250ZW50L3VwbG9hZHMvMjAyNC8wNS9NYWtlZG9uc2tvLVBpdm8tZWxlbWVudHNfY2FuLnBuZw==\"\/>\n\t\t\t\t\t\t<img loading=\"lazy\" data-src=\"\/\/makedonskopivo.mk\/wp-content\/uploads\/2024\/05\/Makedonsko-Pivo-elements_svezo-toceno.png\" data-libid=\"2125\" data-lib=\"medialibrary\" title=\"Makedonsko Pivo &#8211; elements_svezo toceno\" width=\"0\" height=\"0\" data-dbsrc=\"Ly9tYWtlZG9uc2tvcGl2by5tay93cC1jb250ZW50L3VwbG9hZHMvMjAyNC8wNS9NYWtlZG9uc2tvLVBpdm8tZWxlbWVudHNfc3Zlem8tdG9jZW5vLnBuZw==\"\/>\n\t\t\t\t\t<\/image_lists>\n\t\t\t\t<\/sr7-module>\n\t\t\t\t<script>\n\t\t\t\t\tSR7.PMH ??={}; SR7.PMH[\"SR7_7_1\"] = {cn:0,state:false,fn: function() { if (_tpt!==undefined && _tpt.prepareModuleHeight !== undefined) {  _tpt.prepareModuleHeight({id:\"SR7_7_1\",el:[900,900,768,768,720],type:'standard',shdw:'0',gh:[900,900,768,768,720],gw:[1240,1240,1024,1024,480],vpt:['100px&#039;,&#039;100px&#039;,&#039;100px&#039;,&#039;100px&#039;,&#039;100px'],size:{fullWidth:true, fullHeight:false},mh:'0',onh:0,onw:0,bg:{color:'{\"orig\":\"transparent\",\"type\":\"solid\",\"string\":\"transparent\"}'}});   SR7.PMH[\"SR7_7_1\"].state=true;} else if((SR7.PMH[\"SR7_7_1\"].cn++)<100)\tsetTimeout( SR7.PMH[\"SR7_7_1\"].fn,19);}};SR7.PMH[\"SR7_7_1\" ].fn();\n\t\t\t\t<\/script>\n<\/div>\n\n\t\t\t\t<\/div>\n\t\t\t\t<\/div>\n\t\t\t\t\t<\/div>\n\t\t\t\t<\/div>\n\t\t<div class=\"elementor-element elementor-element-91ef8ba e-flex e-con-boxed e-con e-parent\" data-id=\"91ef8ba\" data-element_type=\"container\" data-settings=\"{&quot;background_background&quot;:&quot;classic&quot;}\">\n\t\t\t\t\t<div class=\"e-con-inner\">\n\t\t<div class=\"elementor-element elementor-element-382a25e e-con-full e-flex e-con e-child\" data-id=\"382a25e\" data-element_type=\"container\" data-settings=\"{&quot;background_background&quot;:&quot;classic&quot;}\">\n\t\t\t\t<div class=\"elementor-element elementor-element-2a1bf6e elementor-widget elementor-widget-heading\" data-id=\"2a1bf6e\" data-element_type=\"widget\" data-widget_type=\"heading.default\">\n\t\t\t\t<div class=\"elementor-widget-container\">\n\t\t\t<h2 class=\"elementor-heading-title elementor-size-default\">SHOQ\u00cbRIA<br>JON\u00cb, BIRRA JON\u00cb MAQEDONASE!<\/h2>\t\t<\/div>\n\t\t\t\t<\/div>\n\t\t\t\t<div class=\"elementor-element elementor-element-b9a8f51 elementor-align-left elementor-widget elementor-widget-button\" data-id=\"b9a8f51\" data-element_type=\"widget\" data-widget_type=\"button.default\">\n\t\t\t\t<div class=\"elementor-widget-container\">\n\t\t\t\t\t<div class=\"elementor-button-wrapper\">\n\t\t\t<a class=\"elementor-button elementor-button-link elementor-size-sm\" href=\"https:\/\/www.instagram.com\/nashemakedonsko.pivo\/\">\n\t\t\t\t\t\t<span class=\"elementor-button-content-wrapper\">\n\t\t\t\t\t\t\t\t\t<span class=\"elementor-button-text\">LEXO M\u00cb SHUM\u00cb<\/span>\n\t\t\t\t\t<\/span>\n\t\t\t\t\t<\/a>\n\t\t<\/div>\n\t\t\t\t<\/div>\n\t\t\t\t<\/div>\n\t\t\t\t<div class=\"elementor-element elementor-element-10def2d elementor-widget elementor-widget-text-editor\" data-id=\"10def2d\" data-element_type=\"widget\" data-widget_type=\"text-editor.default\">\n\t\t\t\t<div class=\"elementor-widget-container\">\n\t\t\t\t\t\t\t<p>#makedonsko #nasemakedonskopivo #pivo #svezotoceno<\/p>\t\t\t\t\t\t<\/div>\n\t\t\t\t<\/div>\n\t\t\t\t<\/div>\n\t\t<div class=\"elementor-element elementor-element-3428253 e-con-full e-flex e-con e-child\" data-id=\"3428253\" data-element_type=\"container\" data-settings=\"{&quot;background_background&quot;:&quot;classic&quot;}\">\n\t\t\t\t<div class=\"elementor-element elementor-element-1d581fb elementor-widget elementor-widget-image\" data-id=\"1d581fb\" data-element_type=\"widget\" data-widget_type=\"image.default\">\n\t\t\t\t<div class=\"elementor-widget-container\">\n\t\t\t\t\t\t\t\t\t\t\t\t\t<img loading=\"lazy\" decoding=\"async\" width=\"1024\" height=\"684\" src=\"https:\/\/makedonskopivo.mk\/wp-content\/uploads\/2024\/12\/Makedonsko-Pivo-elements_social-1024x684.png\" class=\"attachment-large size-large wp-image-2163\" alt=\"\" srcset=\"https:\/\/makedonskopivo.mk\/wp-content\/uploads\/2024\/12\/Makedonsko-Pivo-elements_social-1024x684.png 1024w, https:\/\/makedonskopivo.mk\/wp-content\/uploads\/2024\/12\/Makedonsko-Pivo-elements_social-300x200.png 300w, https:\/\/makedonskopivo.mk\/wp-content\/uploads\/2024\/12\/Makedonsko-Pivo-elements_social-768x513.png 768w, https:\/\/makedonskopivo.mk\/wp-content\/uploads\/2024\/12\/Makedonsko-Pivo-elements_social-1536x1026.png 1536w, https:\/\/makedonskopivo.mk\/wp-content\/uploads\/2024\/12\/Makedonsko-Pivo-elements_social-2048x1369.png 2048w\" sizes=\"(max-width: 1024px) 100vw, 1024px\" \/>\t\t\t\t\t\t\t\t\t\t\t\t\t<\/div>\n\t\t\t\t<\/div>\n\t\t\t\t<\/div>\n\t\t\t\t\t<\/div>\n\t\t\t\t<\/div>\n\t\t\t\t<\/div>","protected":false},"excerpt":{"rendered":"<p>\u041d\u0430\u0448\u0430\u0442\u0430 \u043a\u043e\u043c\u043f\u0430\u043d\u0438\u0458\u0430 \u041a\u043e\u0436\u0443\u0432\u0447\u0430\u043d\u043a\u0430 \u0414\u041e\u041e\u00a0\u0435 \u0444\u043e\u0440\u043c\u0438\u0440\u0430\u043d\u0430 \u0432\u043e 1993-\u0442\u0430 \u0433\u043e\u0434\u0438\u043d\u0430 \u0432\u043e \u041a\u0430\u0432\u0430\u0434\u0430\u0440\u0446\u0438, \u041c\u0430\u043a\u0435\u0434\u043e\u043d\u0438\u0458\u0430. \u041e\u0441\u043d\u043e\u0432\u0430\u043d\u0430 \u0435 \u043e\u0434 \u0431\u0440\u0430\u045c\u0430\u0442\u0430 \u041d\u0438\u043a\u043e\u043b\u0430 \u0438 \u0421\u0442\u043e\u0458\u0430\u043d \u0408\u0430\u043d\u0447\u0435\u0432\u0438, \u0441\u043e [&hellip;]<\/p>","protected":false},"author":1,"featured_media":93,"parent":0,"menu_order":0,"comment_status":"closed","ping_status":"closed","template":"elementor_header_footer","meta":{"site-sidebar-layout":"default","site-content-layout":"","ast-site-content-layout":"","site-content-style":"default","site-sidebar-style":"default","ast-global-header-display":"","ast-banner-title-visibility":"","ast-main-header-display":"","ast-hfb-above-header-display":"","ast-hfb-below-header-display":"","ast-hfb-mobile-header-display":"","site-post-title":"","ast-breadcrumbs-content":"","ast-featured-img":"","footer-sml-layout":"","theme-transparent-header-meta":"","adv-header-id-meta":"","stick-header-meta":"","header-above-stick-meta":"","header-main-stick-meta":"","header-below-stick-meta":"","astra-migrate-meta-layouts":"default","ast-page-background-enabled":"default","ast-page-background-meta":{"desktop":{"background-color":"var(--ast-global-color-4)","background-image":"","background-repeat":"repeat","background-position":"center center","background-size":"auto","background-attachment":"scroll","background-type":"","background-media":"","overlay-type":"","overlay-color":"","overlay-opacity":"","overlay-gradient":""},"tablet":{"background-color":"","background-image":"","background-repeat":"repeat","background-position":"center center","background-size":"auto","background-attachment":"scroll","background-type":"","background-media":"","overlay-type":"","overlay-color":"","overlay-opacity":"","overlay-gradient":""},"mobile":{"background-color":"","background-image":"","background-repeat":"repeat","background-position":"center center","background-size":"auto","background-attachment":"scroll","background-type":"","background-media":"","overlay-type":"","overlay-color":"","overlay-opacity":"","overlay-gradient":""}},"ast-content-background-meta":{"desktop":{"background-color":"var(--ast-global-color-5)","background-image":"","background-repeat":"repeat","background-position":"center center","background-size":"auto","background-attachment":"scroll","background-type":"","background-media":"","overlay-type":"","overlay-color":"","overlay-opacity":"","overlay-gradient":""},"tablet":{"background-color":"var(--ast-global-color-5)","background-image":"","background-repeat":"repeat","background-position":"center center","background-size":"auto","background-attachment":"scroll","background-type":"","background-media":"","overlay-type":"","overlay-color":"","overlay-opacity":"","overlay-gradient":""},"mobile":{"background-color":"var(--ast-global-color-5)","background-image":"","background-repeat":"repeat","background-position":"center center","background-size":"auto","background-attachment":"scroll","background-type":"","background-media":"","overlay-type":"","overlay-color":"","overlay-opacity":"","overlay-gradient":""}},"footnotes":""},"class_list":["post-72","page","type-page","status-publish","has-post-thumbnail","hentry"],"_links":{"self":[{"href":"https:\/\/makedonskopivo.mk\/sq\/wp-json\/wp\/v2\/pages\/72","targetHints":{"allow":["GET"]}}],"collection":[{"href":"https:\/\/makedonskopivo.mk\/sq\/wp-json\/wp\/v2\/pages"}],"about":[{"href":"https:\/\/makedonskopivo.mk\/sq\/wp-json\/wp\/v2\/types\/page"}],"author":[{"embeddable":true,"href":"https:\/\/makedonskopivo.mk\/sq\/wp-json\/wp\/v2\/users\/1"}],"replies":[{"embeddable":true,"href":"https:\/\/makedonskopivo.mk\/sq\/wp-json\/wp\/v2\/comments?post=72"}],"version-history":[{"count":607,"href":"https:\/\/makedonskopivo.mk\/sq\/wp-json\/wp\/v2\/pages\/72\/revisions"}],"predecessor-version":[{"id":2320,"href":"https:\/\/makedonskopivo.mk\/sq\/wp-json\/wp\/v2\/pages\/72\/revisions\/2320"}],"wp:featuredmedia":[{"embeddable":true,"href":"https:\/\/makedonskopivo.mk\/sq\/wp-json\/wp\/v2\/media\/93"}],"wp:attachment":[{"href":"https:\/\/makedonskopivo.mk\/sq\/wp-json\/wp\/v2\/media?parent=72"}],"curies":[{"name":"wp","href":"https:\/\/api.w.org\/{rel}","templated":true}]}}